{"id":630,"date":"2021-09-10T10:38:40","date_gmt":"2021-09-10T08:38:40","guid":{"rendered":"https:\/\/fatti-persone.unimib.it\/ateneo\/?page_id=630"},"modified":"2023-07-10T17:37:38","modified_gmt":"2023-07-10T15:37:38","slug":"accessibilita","status":"publish","type":"page","link":"https:\/\/fatti-persone.unimib.it\/ateneo\/accessibilita\/","title":{"rendered":"Accessibilit\u00e0"},"content":{"rendered":"<p>Il sito web \u00e8 progettato per offrire contenuti e servizi accessibili da tutti gli utenti, indipendentemente dalle disabilit\u00e0 psicofisiche, dalle dotazioni tecniche e dal contesto. Il sito \u00e8 realizzato con il CMS WordPress e secondo la normativa vigente in materia di accessibilit\u00e0 dei siti web. Nonostante le verifiche, non \u00e8 sempre possibile garantire la completa accessibilit\u00e0 del sito. Per segnalare difficolt\u00e0 nell\u2019accesso alle informazioni e ai servizi erogati scrivi a accessibilita@unimib.it.<\/p>\n<p>Dichiarazione di accessibilit\u00e0 \u2013 AgID<br \/>\nLa dichiarazione di accessibilit\u00e0 \u00e8 stata compilata a seguito di una valutazione interna, come previsto dal decreto legislativo n. 106 del 10 agosto 2018 Riforma dell\u2019attuazione della direttiva (UE) 2016\/2102 relativa all\u2019accessibilit\u00e0 dei siti web e delle applicazioni mobili degli enti pubblici.<\/p>\n<p>La valutazione segue il \u201cModello di autovalutazione V. 01\u201d di AgID riportato nell\u2019Allegato 2 delle Linee Guida sull\u2019Accessibilit\u00e0 degli strumenti informatici.<\/p>\n<p>La metodologia di valutazione si \u00e8 basata sulla verifica a campione secondo il metodo di monitoraggio approfondito illustrato nel capitolo 5 delle Linee Guida.<\/p>\n<p><a href=\"https:\/\/form.agid.gov.it\/view\/f8f9a520-3843-4de0-9216-5d3a66fd77a5\">Dichiarazione di Accessibilit\u00e0 AgID<\/a> <br \/>\nAutovalutazione Accessibilit\u00e0<\/p>\n","protected":false},"excerpt":{"rendered":"<p>Il sito web \u00e8 progettato per offrire contenuti e servizi accessibili da tutti gli utenti, indipendentemente dalle disabilit\u00e0 psicofisiche, dalle dotazioni tecniche e dal contesto. Il sito \u00e8 realizzato con il CMS WordPress e secondo la normativa vigente in materia di accessibilit\u00e0 dei siti web. Nonostante le verifiche, non \u00e8 sempre possibile garantire la completa accessibilit\u00e0 del sito. Per segnalare difficolt\u00e0 nell\u2019accesso alle informazioni e ai servizi erogati scrivi a<\/p>\n","protected":false},"author":1,"featured_media":0,"parent":0,"menu_order":0,"comment_status":"closed","ping_status":"closed","template":"","meta":[],"_links":{"self":[{"href":"https:\/\/fatti-persone.unimib.it\/ateneo\/wp-json\/wp\/v2\/pages\/630"}],"collection":[{"href":"https:\/\/fatti-persone.unimib.it\/ateneo\/wp-json\/wp\/v2\/pages"}],"about":[{"href":"https:\/\/fatti-persone.unimib.it\/ateneo\/wp-json\/wp\/v2\/types\/page"}],"author":[{"embeddable":true,"href":"https:\/\/fatti-persone.unimib.it\/ateneo\/wp-json\/wp\/v2\/users\/1"}],"replies":[{"embeddable":true,"href":"https:\/\/fatti-persone.unimib.it\/ateneo\/wp-json\/wp\/v2\/comments?post=630"}],"version-history":[{"count":3,"href":"https:\/\/fatti-persone.unimib.it\/ateneo\/wp-json\/wp\/v2\/pages\/630\/revisions"}],"predecessor-version":[{"id":673,"href":"https:\/\/fatti-persone.unimib.it\/ateneo\/wp-json\/wp\/v2\/pages\/630\/revisions\/673"}],"wp:attachment":[{"href":"https:\/\/fatti-persone.unimib.it\/ateneo\/wp-json\/wp\/v2\/media?parent=630"}],"curies":[{"name":"wp","href":"https:\/\/api.w.org\/{rel}","templated":true}]}}